{"id":57,"date":"2024-03-02T23:18:46","date_gmt":"2024-03-02T22:18:46","guid":{"rendered":"https:\/\/p91.phpnet.org\/lpsweilpantin\/Maths\/?page_id=57"},"modified":"2024-03-03T00:41:46","modified_gmt":"2024-03-02T23:41:46","slug":"maths-sciences-lp-simone-weil","status":"publish","type":"page","link":"https:\/\/p91.phpnet.org\/lpsweilpantin\/Maths\/","title":{"rendered":"Maths Sciences LP Simone Weil"},"content":{"rendered":"\n<p class=\"has-text-align-center\" style=\"font-size:2.8rem\"><strong><em>Baccalaur\u00e9at Professionnel<\/em><\/strong><\/p>\n\n\n\n<p><\/p>\n\n\n\n<p style=\"font-size:2.5rem\"><strong>Seconde<\/strong><\/p>\n\n\n\n<p><\/p>\n\n\n\n<p class=\"has-contrast-color has-text-color has-link-color wp-elements-097ed1a07462ad3fd974c8b14b4fbb40\" style=\"margin-top:0;margin-right:0;margin-bottom:0;margin-left:0;padding-top:0;padding-right:0;padding-bottom:0;padding-left:0;font-size:2.5rem\"><strong>Premi\u00e8re <\/strong><\/p>\n\n\n\n<ul class=\"wp-block-list\">\n<li><strong>0. Programme Officiel<\/strong><\/li>\n\n\n\n<li><strong><a href=\"https:\/\/p91.phpnet.org\/lpsweilpantin\/Maths\/maths-1ere-bac-pro\/\" data-type=\"page\" data-id=\"6\">I. Les Suites Num\u00e9riques<\/a><\/strong><\/li>\n\n\n\n<li><span><a style=\"font-weight: bold;\" href=\"https:\/\/p91.phpnet.org\/lpsweilpantin\/Maths\/ii-equation-du-2nd-degre-resolution-dequations-inequations\/\" data-type=\"page\" data-id=\"47\">II. Fonctions Polyn\u00f4mes du 2nd degr\u00e9 <\/a><\/span><strong>&#8211;<\/strong><a href=\"https:\/\/p91.phpnet.org\/lpsweilpantin\/Maths\/ii-equation-du-2nd-degre-resolution-dequations-inequations\/\" data-type=\"page\" data-id=\"47\"><strong>R\u00e9solution graphique d&rsquo;\u00e9quations et d&rsquo;in\u00e9quations<\/strong><\/a><\/li>\n\n\n\n<li><strong>III Les Fonctions d\u00e9riv\u00e9es et Etude des variations<\/strong><\/li>\n\n\n\n<li><strong>IV Les Statistiques \u00e0 deux variables<\/strong><\/li>\n\n\n\n<li><strong>V Probabilit\u00e9s<\/strong><\/li>\n\n\n\n<li><strong>VI Calculs commerciaux et financiers<\/strong><\/li>\n\n\n\n<li><strong>VII G\u00e9om\u00e9trie dans l&rsquo;espace<\/strong><\/li>\n<\/ul>\n\n\n\n<p class=\"has-text-color has-link-color has-medium-font-size wp-elements-c3bb55f7e4604e73b23e07423d7267fa\" style=\"color:#1b0ee5\"><\/p>\n\n\n\n<ul class=\"wp-block-list\">\n<li><strong><a href=\"https:\/\/p91.phpnet.org\/lpsweilpantin\/Maths\/consolidation-et-accompagnement-personnalise\/\" data-type=\"page\" data-id=\"80\">Consolidation et Accompagnement personnalis\u00e9<\/a><\/strong><\/li>\n<\/ul>\n\n\n\n<p><\/p>\n\n\n\n<p style=\"margin-top:var(--wp--preset--spacing--30);margin-right:0;margin-bottom:var(--wp--preset--spacing--30);margin-left:0\"><\/p>\n\n\n\n<p class=\"has-x-large-font-size\"><strong>Terminale<\/strong><\/p>\n\n\n\n<ul class=\"wp-block-list\">\n<li><strong>0. Programme Officiel<\/strong><\/li>\n\n\n\n<li><strong>I. Les Suites Num\u00e9riques<\/strong><\/li>\n\n\n\n<li><span><strong>II.<\/strong> <\/span><strong><span>Fonctions Polyn\u00f4mes du 3\u00e8me degr\u00e9 <\/span><\/strong><\/li>\n\n\n\n<li><strong>III Les Fonctions d\u00e9riv\u00e9es et Etude des variations<\/strong><\/li>\n\n\n\n<li><strong>IV Fonctions exponentielles et logarithme d\u00e9cimal<\/strong><\/li>\n\n\n\n<li><strong>V Les Statistiques \u00e0 deux variables<\/strong><\/li>\n\n\n\n<li><strong>VI Probabilit\u00e9s<\/strong><\/li>\n\n\n\n<li><strong>VII Calculs commerciaux et financiers<\/strong><\/li>\n<\/ul>\n\n\n\n<ul class=\"wp-block-list\">\n<li><strong>Consolidation et Accompagnement personnalis\u00e9<\/strong><\/li>\n<\/ul>\n\n\n\n<p><\/p>\n","protected":false},"excerpt":{"rendered":"<p>Baccalaur\u00e9at Professionnel Seconde Premi\u00e8re Terminale<\/p>\n","protected":false},"author":1,"featured_media":0,"parent":0,"menu_order":0,"comment_status":"closed","ping_status":"closed","template":"","meta":{"footnotes":""},"class_list":["post-57","page","type-page","status-publish","hentry"],"_links":{"self":[{"href":"https:\/\/p91.phpnet.org\/lpsweilpantin\/Maths\/wp-json\/wp\/v2\/pages\/57","targetHints":{"allow":["GET"]}}],"collection":[{"href":"https:\/\/p91.phpnet.org\/lpsweilpantin\/Maths\/wp-json\/wp\/v2\/pages"}],"about":[{"href":"https:\/\/p91.phpnet.org\/lpsweilpantin\/Maths\/wp-json\/wp\/v2\/types\/page"}],"author":[{"embeddable":true,"href":"https:\/\/p91.phpnet.org\/lpsweilpantin\/Maths\/wp-json\/wp\/v2\/users\/1"}],"replies":[{"embeddable":true,"href":"https:\/\/p91.phpnet.org\/lpsweilpantin\/Maths\/wp-json\/wp\/v2\/comments?post=57"}],"version-history":[{"count":18,"href":"https:\/\/p91.phpnet.org\/lpsweilpantin\/Maths\/wp-json\/wp\/v2\/pages\/57\/revisions"}],"predecessor-version":[{"id":96,"href":"https:\/\/p91.phpnet.org\/lpsweilpantin\/Maths\/wp-json\/wp\/v2\/pages\/57\/revisions\/96"}],"wp:attachment":[{"href":"https:\/\/p91.phpnet.org\/lpsweilpantin\/Maths\/wp-json\/wp\/v2\/media?parent=57"}],"curies":[{"name":"wp","href":"https:\/\/api.w.org\/{rel}","templated":true}]}}